{"id":90,"date":"2019-07-13T22:25:10","date_gmt":"2019-07-13T19:25:10","guid":{"rendered":"http:\/\/docentlikbasvurulari.com\/?page_id=90"},"modified":"2019-07-13T22:25:10","modified_gmt":"2019-07-13T19:25:10","slug":"uzmana-danis","status":"publish","type":"page","link":"https:\/\/docentlikbasvurulari.com\/index.php\/uzmana-danis\/","title":{"rendered":"Uzmana Dan\u0131\u015f"},"content":{"rendered":"\n<p>Dan\u0131\u015fmak istedi\u011finiz hususu a\u015fa\u011f\u0131daki formu doldurarak uzman\u0131na iletebilirsiniz. Mesai saatleri i\u00e7erisinde mail yada telefon yoluyla size d\u00f6n\u00fc\u015f sa\u011flanacakt\u0131r.<\/p>\n\n\n<p>[contact-form-7 id=&#8221;24&#8243; title=&#8221;Uzmana Dan\u0131\u015f&#8221;]<\/p>\n","protected":false},"excerpt":{"rendered":"<p>Dan\u0131\u015fmak istedi\u011finiz hususu a\u015fa\u011f\u0131daki formu doldurarak uzman\u0131na iletebilirsiniz. Mesai saatleri i\u00e7erisinde mail yada telefon yoluyla size d\u00f6n\u00fc\u015f sa\u011flanacakt\u0131r.<\/p>\n<a class=\"btn_a\" href=\"https:\/\/docentlikbasvurulari.com\/index.php\/uzmana-danis\/\"><span><i class=\"in_left fa fa-angle-right\"><\/i><span>Details<\/span><i class=\"in_right fa fa-angle-right\"><\/i><\/span><\/a>","protected":false},"author":1,"featured_media":0,"parent":0,"menu_order":0,"comment_status":"closed","ping_status":"closed","template":"","meta":{"footnotes":""},"class_list":["post-90","page","type-page","status-publish","hentry"],"_links":{"self":[{"href":"https:\/\/docentlikbasvurulari.com\/index.php\/wp-json\/wp\/v2\/pages\/90","targetHints":{"allow":["GET"]}}],"collection":[{"href":"https:\/\/docentlikbasvurulari.com\/index.php\/wp-json\/wp\/v2\/pages"}],"about":[{"href":"https:\/\/docentlikbasvurulari.com\/index.php\/wp-json\/wp\/v2\/types\/page"}],"author":[{"embeddable":true,"href":"https:\/\/docentlikbasvurulari.com\/index.php\/wp-json\/wp\/v2\/users\/1"}],"replies":[{"embeddable":true,"href":"https:\/\/docentlikbasvurulari.com\/index.php\/wp-json\/wp\/v2\/comments?post=90"}],"version-history":[{"count":1,"href":"https:\/\/docentlikbasvurulari.com\/index.php\/wp-json\/wp\/v2\/pages\/90\/revisions"}],"predecessor-version":[{"id":91,"href":"https:\/\/docentlikbasvurulari.com\/index.php\/wp-json\/wp\/v2\/pages\/90\/revisions\/91"}],"wp:attachment":[{"href":"https:\/\/docentlikbasvurulari.com\/index.php\/wp-json\/wp\/v2\/media?parent=90"}],"curies":[{"name":"wp","href":"https:\/\/api.w.org\/{rel}","templated":true}]}}