{"id":73,"date":"2019-07-13T22:06:28","date_gmt":"2019-07-13T19:06:28","guid":{"rendered":"http:\/\/docentlikbasvurulari.com\/?page_id=73"},"modified":"2019-07-25T01:11:56","modified_gmt":"2019-07-24T22:11:56","slug":"ziraat-ve-orman-ve-su-urunleri","status":"publish","type":"page","link":"https:\/\/docentlikbasvurulari.com\/index.php\/ziraat-ve-orman-ve-su-urunleri\/","title":{"rendered":"Ziraat, Orman ve Su \u00dcr\u00fcnleri"},"content":{"rendered":"\n<p><strong>I) Ba\u015fvuru \u015eartlar\u0131<\/strong><\/p>\n\n\n\n<p>2547 Say\u0131l\u0131 Y\u00fcksek\u00f6\u011fretim Kanununun 24. Maddesine g\u00f6re Do\u00e7entlik S\u0131nav\u0131\n\u00dcniversiteleraras\u0131 Kurul Ba\u015fkanl\u0131\u011f\u0131 taraf\u0131ndan y\u0131lda iki defa yap\u0131lmakta olup,\nba\u015fvuru \u015fartlar\u0131 \u015fu \u015fekilde ifade edilmektedir.<\/p>\n\n\n\n<p><strong>(1)<\/strong>&nbsp;Bir lisans diplomas\u0131\nald\u0131ktan sonra,&nbsp;<strong>doktora<\/strong>&nbsp;ile\nt\u0131pta, di\u015f hekimli\u011finde, eczac\u0131l\u0131kta ve veteriner hekimlikte uzmanl\u0131k unvan\u0131n\u0131\nveya \u00dcniversiteleraras\u0131 Kurulun \u00f6nerisi \u00fczerine Y\u00fcksek\u00f6\u011fretim Kurulunca tespit\nedilen belli sanat dallar\u0131n\u0131n birinde yeterlik kazanm\u0131\u015f olmak,<\/p>\n\n\n\n<p><strong>(2)<\/strong>&nbsp;Y\u00fcksek\u00f6\u011fretim Kurulu\ntaraf\u0131ndan belirlenen merkez\u00ee bir yabanc\u0131 dil s\u0131nav\u0131ndan en&nbsp;<strong>az elli be\u015f puan<\/strong>&nbsp;veya uluslararas\u0131\nge\u00e7erlili\u011fi Y\u00fcksek\u00f6\u011fretim Kurulu taraf\u0131ndan kabul edilen bir yabanc\u0131 dil\ns\u0131nav\u0131ndan buna denk bir puan alm\u0131\u015f olmak; do\u00e7entlik bilim alan\u0131n\u0131n belli bir\nyabanc\u0131 dille ilgili olmas\u0131 halinde ise bu s\u0131nav\u0131 ba\u015fka bir yabanc\u0131 dilde\nvermek.<\/p>\n\n\n\n<p><strong>(3)<\/strong>&nbsp;\u00dcniversiteleraras\u0131\nKurulun g\u00f6r\u00fc\u015f\u00fc \u00fczerine Y\u00fcksek\u00f6\u011fretim Kurulu taraf\u0131ndan her bir bilim veya sanat\ndisiplininin \u00f6zellikleri dikkate al\u0131narak belirlenecek yeterli say\u0131 ve\nnitelikte \u00f6zg\u00fcn bilimsel yay\u0131n ve \u00e7al\u0131\u015fmalar yapmak.<\/p>\n\n\n\n<p><strong>II) Ba\u015fvuru\nKriterleri<\/strong><\/p>\n\n\n\n<p>Ba\u015fvuru\nKriterleri \u00dcniversiteleraras\u0131 Kurulun g\u00f6r\u00fc\u015f\u00fc \u00fczerine Y\u00fcksek\u00f6\u011fretim Kurulu\ntaraf\u0131ndan her bir bilim veya sanat disiplininin \u00f6zellikleri dikkate al\u0131narak\n\u00e7\u0131kar\u0131lm\u0131\u015ft\u0131r. <\/p>\n\n\n\n<p><strong>Ba\u015fvurulacak olan Temel Alanlar ve\nBilim Alanlar\u0131 ile Anahtar Kelimeler<\/strong><\/p>\n\n\n\n<p><a href=\"http:\/\/www.uak.gov.tr\/temelalan\/2019M_BilimAlanlariAnahtarKelimeler_140319.pdf\">http:\/\/www.uak.gov.tr\/temelalan\/2019M_BilimAlanlariAnahtarKelimeler_140319.pdf<\/a><\/p>\n\n\n\n<p><strong>Aday ba\u015fvurusunda, bir bilim\nalan\u0131 ve bilim alan\u0131na ba\u011fl\u0131 en az 1 (bir) en fazla 3 (\u00fc\u00e7) anahtar kelime\nbelirtmelidir.<\/strong><\/p>\n\n\n\n<p><strong>Ziraat, Orman ve Su \u00dcr\u00fcnleri Temel\nAlan\u0131<\/strong><\/p>\n\n\n\n<p><a href=\"http:\/\/www.uak.gov.tr\/temelalan\/TA_Tablo12_2019M_200418.pdf\">http:\/\/www.uak.gov.tr\/temelalan\/TA_Tablo12_2019M_200418.pdf<\/a><\/p>\n\n\n\n<p><strong>Bilim Alanlar\u0131:<\/strong>&nbsp;Bah\u00e7e\nBitkileri Yeti\u015ftirme ve Islah\u0131, Bitki Koruma, Biyosistem M\u00fchendisli\u011fi, Orman\nEnd\u00fcstri M\u00fchendisli\u011fi, Orman M\u00fchendisli\u011fi, Peyzaj Mimarl\u0131\u011f\u0131, Su \u00dcr\u00fcnleri, Tar\u0131m\nEkonomisi, Tar\u0131msal Biyoteknoloji, Tar\u0131msal Mekanizasyon, Tar\u0131msal Yap\u0131lar ve\nSulama, Tarla Bitkileri Yeti\u015ftirme ve Islah\u0131, Toprak Bilimi ve Bitki Besleme ve\nZootekni<\/p>\n\n\n\n<p>Do\u00e7entlik bilim alan\u0131 ile ilgili olarak a\u015fa\u011f\u0131daki \u00e7al\u0131\u015fmalara verilen\nbirim puanlar esas al\u0131nmak suretiyle; en az doksan (90) puan\u0131n\u0131n doktora\nunvan\u0131n\u0131n al\u0131nmas\u0131ndan sonra ger\u00e7ekle\u015ftirilen \u00e7al\u0131\u015fmalardan elde edilmi\u015f olmas\u0131\nkayd\u0131yla, asgari y\u00fcz (100) puan kar\u015f\u0131l\u0131\u011f\u0131 bilimsel etkinlikte bulunmu\u015f olmas\u0131\ngerekir.&nbsp; Her \u00e7al\u0131\u015fma Tablo 12\u2032 de sadece bir b\u00f6l\u00fcmde yaz\u0131larak puanland\u0131r\u0131l\u0131r.<\/p>\n\n\n\n<p><strong>Tek yazarl\u0131 makalelerde yazar tam puan\nal\u0131r. \u0130ki yazarl\u0131 makalelerde ba\u015fl\u0131ca yazar tam puan\u0131n 0.8\u2019ini, ikinci yazar\n0.5\u2019ini al\u0131r. \u00dc\u00e7 ve daha fazla yazarl\u0131 makalelerde ise, ba\u015fl\u0131ca yazar toplam\npuan\u0131n yar\u0131s\u0131n\u0131 al\u0131r, di\u011fer yazarlar ise di\u011fer yar\u0131s\u0131n\u0131 e\u015fit payla\u015f\u0131r. Ba\u015fl\u0131ca\nyazar\u0131n belirtilmedi\u011fi iki veya daha fazla yazarl\u0131 makalelerde toplam puan\nyazarlar aras\u0131nda e\u015fit olarak b\u00f6l\u00fcn\u00fcr. Di\u011fer yay\u0131nlarda (bildiri,kitap) ise\ntoplam puan yazarlar aras\u0131nda e\u015fit olarak b\u00f6l\u00fcn\u00fcr.<\/strong><\/p>\n\n\n\n<p><strong>Ba\u015fl\u0131ca Yazar:&nbsp;<\/strong>A\u015fa\u011f\u0131da\nbelirtilen makalelerde aday ba\u015fl\u0131ca yazar say\u0131l\u0131r:<\/p>\n\n\n\n<p>a) Tek yazarl\u0131 makale<\/p>\n\n\n\n<p>b) Dan\u0131\u015fmanl\u0131\u011f\u0131n\u0131 yapt\u0131\u011f\u0131 lisans\u00fcst\u00fc \u00f6\u011frenci(ler) ile birlikte yaz\u0131lm\u0131\u015f\nmakale (ayn\u0131 makalede birden fazla \u00f6\u011frenci ve ikinci dan\u0131\u015fman da yer alabilir).<\/p>\n\n\n\n<p><strong>Toplamda 9 farkl\u0131 puanlanacak kriter\nbulunmaktad\u0131r.<\/strong><\/p>\n\n\n\n<p><strong>1.Makaleler Kriteri<\/strong><\/p>\n\n\n\n<p><strong>a)<\/strong>&nbsp;SSCI, SCI, SCI-\nExpanded ve AHCI kapsam\u0131ndaki dergilerde yay\u0131mlanm\u0131\u015f makalelerde makale ba\u015f\u0131na\ntoplamda&nbsp;<strong>20 puan<\/strong><\/p>\n\n\n\n<p><strong>Bu maddenin a bendi kapsam\u0131nda en az\nbir makalede ba\u015fl\u0131ca yazar olmak kayd\u0131yla en az 40 puan al\u0131nmas\u0131 zorunludur.<\/strong><\/p>\n\n\n\n<p><strong>b)<\/strong>&nbsp;Di\u011fer uluslararas\u0131\nhakemli dergilerde yay\u0131mlanm\u0131\u015f makalelerde makale ba\u015f\u0131na&nbsp;<strong>8 puan<\/strong><\/p>\n\n\n\n<p><strong>c)<\/strong>&nbsp;ULAKB\u0130M taraf\u0131ndan\ntaranan ulusal hakemli dergilerde yay\u0131mlanm\u0131\u015f makalelerde makale ba\u015f\u0131na 8<strong>&nbsp;puan<\/strong><\/p>\n\n\n\n<p><strong>\u00d6rnek vermek gerekirse;&nbsp;<\/strong><em>\u201c<\/em>KIZIL, S\u00dcLEYMAN, KHALID M.KHAWAR BHATTI,\nALTUNTA\u015e \u00c7\u0130\u011eDEM, and SEV\u0130L SA\u011eLAM YILMAZ. 2014. \u201cDirect Bulblet Regeneration\nfrom Sternbergia Fischeriana&nbsp; Herb&nbsp; Rupr&nbsp; Bulb Scale Explants.\u201d&nbsp;<em>Propagation of Ornamental Plants&nbsp;<\/em>, May.\n68\u201375.<em>\u201d<\/em>&nbsp; K\u00fcnyeli makale de 1. Yazar\nba\u015fvuruda makalenin uluslararas\u0131 hakemli dergilerde yay\u0131nlanmas\u0131, derginin\nSCI-Expanded kapsam\u0131nda olmas\u0131 ve 4 yazarl\u0131 olmas\u0131ndan dolay\u0131 1. Yazar 4\nyazarl\u0131 makalede toplam puan\u0131n yar\u0131s\u0131n\u0131 alaca\u011f\u0131ndan dolay\u0131; toplam puan\u0131n\nyar\u0131s\u0131 olan 10 puan\u0131 al\u0131r.<\/p>\n\n\n\n<p><strong>Bu maddenin c bendi kapsam\u0131nda en az 8\npuan almak zorunludur.<\/strong>&nbsp;Yabanc\u0131 uyruklu adaylar ile yurtd\u0131\u015f\u0131\ndo\u00e7entlik denkli\u011fi ba\u015fvurusu yapan adaylar, ULAKB\u0130M taraf\u0131ndan taranan ulusal\nhakemli dergilerde yay\u0131mlanm\u0131\u015f makale ko\u015fulunu sa\u011flayamamalar\u0131 durumunda, bunun\nyerine ayn\u0131 puan\u0131 birinci maddenin a bendi kapsam\u0131nda sa\u011flayacaklard\u0131r.<\/p>\n\n\n\n<p><strong>***ULAKB\u0130M Taraf\u0131ndan Taranan Dergiler:&nbsp;<\/strong><\/p>\n\n\n\n<p><a href=\"https:\/\/trdizin.gov.tr\/statistics\/listAcceptedJournals.xhtml\">https:\/\/trdizin.gov.tr\/statistics\/listAcceptedJournals.xhtml<\/a><\/p>\n\n\n\n<p><strong>\u00d6rnek vermek gerekire;<\/strong>&nbsp;<em>\u201c<\/em>\u00c7ABUK, YILDIZ, SELMAN KARAYILMAZLAR, ALPER\nAYTEK\u0130N, SAADETT\u0130N MURAT ONAT, and RIFAT KURT. 2015. \u201cA&nbsp; Regression\nAnalysis of Fiberboard Production&nbsp; Import and Export Amounts in\nTurkey&nbsp; With Projections to 2021.\u201d&nbsp;<em>Turkish\nJournal of Forestry, T\u00fcrkiye Ormanc\u0131l\u0131k Dergisi<\/em>&nbsp;16 (1). Turkish\nJournal of Forestry, T\u00fcrkiye Ormanc\u0131l\u0131k Dergisi: 27\u201335.<em>\u201d<\/em>&nbsp;K\u00fcnyeli\nmakale de 1. Yazar ba\u015fvuruda makalenin ulusal hakemli dergide, ULAKB\u0130M\ntaraf\u0131ndan taranan dergiler kapsam\u0131nda olmas\u0131 ve makalenin 5 yazarl\u0131 olmas\u0131ndan\ndolay\u0131 toplam puan\u0131n yar\u0131s\u0131 olan 4 puan\u0131 al\u0131r.<\/p>\n\n\n\n<p>Bu b\u00f6l\u00fcmde puanlanan makalelerin ba\u015fvurulan do\u00e7entlik bilim alan\u0131 ile\nilgili ve aday\u0131n haz\u0131rlad\u0131\u011f\u0131 lisans\u00fcst\u00fc tezlerden \u00fcretilmemi\u015f olmas\u0131 gerekli ve\naday\u0131n yapt\u0131\u011f\u0131 (edit\u00f6re mektup, \u00f6zet, derleme, teknik not ve kitap kriti\u011fi\nhari\u00e7) tam ara\u015ft\u0131rma makaleleri<strong>&nbsp;olmal\u0131d\u0131r.<\/strong><\/p>\n\n\n\n<p><strong>2.Lisans\u00fcst\u00fc Tezlerden \u00dcretilmi\u015f Yay\u0131n\nKriteri<\/strong><\/p>\n\n\n\n<p>Aday\u0131n haz\u0131rlad\u0131\u011f\u0131 lisans\u00fcst\u00fc tezleriyle ilgili olmak kayd\u0131yla;<\/p>\n\n\n\n<p><strong>a)<\/strong>&nbsp;SCI, SCI-Expanded,\nSSCI veya AHCI kapsam\u0131ndaki dergilerde yay\u0131mlanm\u0131\u015f makale&nbsp;<strong>10 puan<\/strong><\/p>\n\n\n\n<p><strong>b)<\/strong>&nbsp;Di\u011fer uluslararas\u0131 ve\nulusal hakemli dergilerde yay\u0131mlanm\u0131\u015f makale 5<strong>&nbsp;puan<\/strong><\/p>\n\n\n\n<p><strong>c)<\/strong>&nbsp;Uluslararas\u0131\nsempozyumda\/kongrede sunulmu\u015f ve tam metni bas\u0131lm\u0131\u015f alan\u0131nda bilime katk\u0131\nsa\u011flayan s\u00f6zl\u00fc bildiri&nbsp;<strong>5 puan<\/strong><\/p>\n\n\n\n<p><strong>d)<\/strong>&nbsp;Ulusal\nsempozyumda\/kongrede sunulmu\u015f ve tam metni bas\u0131lm\u0131\u015f alan\u0131nda bilime katk\u0131\nsa\u011flayan s\u00f6zl\u00fc bildiri 3<strong>&nbsp;puan<\/strong><\/p>\n\n\n\n<p><strong>Bu madde kapsam\u0131nda en az 1 yay\u0131n\nzorunludur. Bu maddeden en fazla 10 puan al\u0131nabilir.<\/strong><\/p>\n\n\n\n<p>Bu madde kapsam\u0131nda hi\u00e7bir kategoriye girmeyen lisans\u00fcst\u00fc tezden \u00fcretilen\nmakalenin, bu madde kapsam\u0131nda olan bir dergide yay\u0131nlanmaya \u00e7al\u0131\u015f\u0131lmas\u0131 do\u011fru\nde\u011fildir. Aksi durum etik ihlallerden olan tekrar yay\u0131m etik ihlaline\ngirmektedir.<\/p>\n\n\n\n<p>Lisans\u00fcst\u00fc \u00e7al\u0131\u015fmalardan \u00fcretilen makaleler yay\u0131nland\u0131\u011f\u0131 tarihe bak\u0131lmadan\npuanlama k\u0131sm\u0131nda \u201cLisans\u00fcst\u00fc tezlerden elde edilen\u201d \u00e7al\u0131\u015fmalar i\u00e7erisinde\nde\u011ferlendirilmelidir<\/p>\n\n\n\n<p>Do\u00e7entlik s\u0131nav\u0131 bir alana d\u00f6n\u00fck oldu\u011fundan alanla ilgili olmayan bir\ndoktora \u00e7al\u0131\u015fmas\u0131ndan elde edilen yay\u0131nlar temel alan\u0131 ilgilendirmeyece\u011fi i\u00e7in\ntezden elde edilmi\u015f yay\u0131n kullan\u0131m\u0131 do\u011fru olmayacakt\u0131r.<\/p>\n\n\n\n<p>Tez yay\u0131nlanmadan \u00f6nce tezden \u00fcretilmi\u015f makale yay\u0131nlan\u0131rsa, tezin\nsonradan kitap olarak bas\u0131lmas\u0131 puan olarak dikkate al\u0131nmaz.<\/p>\n\n\n\n<p><strong>3.Kitap Kriteri<\/strong><\/p>\n\n\n\n<p><strong>a)<\/strong>&nbsp;Uluslararas\u0131\nyay\u0131nevleri taraf\u0131ndan yay\u0131mlanm\u0131\u015f kitap&nbsp;<strong>20\npuan<\/strong><\/p>\n\n\n\n<p><strong>b)<\/strong>&nbsp;Uluslararas\u0131\nyay\u0131nevleri taraf\u0131ndan yay\u0131mlanm\u0131\u015f kitap edit\u00f6rl\u00fc\u011f\u00fc veya b\u00f6l\u00fcm yazarl\u0131\u011f\u0131&nbsp;<strong>10 puan<\/strong><\/p>\n\n\n\n<p><strong>c)<\/strong>&nbsp;Ulusal yay\u0131nevleri\ntaraf\u0131ndan yay\u0131mlanm\u0131\u015f kitap&nbsp;<strong>15 puan<\/strong><\/p>\n\n\n\n<p><strong>d)<\/strong>&nbsp;Ulusal yay\u0131nevleri\ntaraf\u0131ndan yay\u0131mlanm\u0131\u015f kitap edit\u00f6rl\u00fc\u011f\u00fc veya b\u00f6l\u00fcm yazarl\u0131\u011f\u0131&nbsp;<strong>8 puan<\/strong><\/p>\n\n\n\n<p>Bu b\u00f6l\u00fcmde puanlanan makalelerin ba\u015fvurulan do\u00e7entlik bilim alan\u0131 ile\nilgili ve aday\u0131n haz\u0131rlad\u0131\u011f\u0131 lisans\u00fcst\u00fc tezlerden \u00fcretilmemi\u015f olmas\u0131\ngereklidir.<\/p>\n\n\n\n<p><strong>Bu madde kapsam\u0131nda ayn\u0131 kitaptaki\nb\u00f6l\u00fcmlerden en fazla ikisi dikkate al\u0131n\u0131r.&nbsp; Bu madde kapsam\u0131nda en fazla\n20 puan al\u0131nabilir.<\/strong><\/p>\n\n\n\n<p><strong>Ulusal Yay\u0131nevi:<\/strong>&nbsp;En az\nbe\u015f y\u0131l ulusal d\u00fczeyde d\u00fczenli faaliyet y\u00fcr\u00fcten, yay\u0131nlar\u0131 T\u00fcrkiye\u2019deki\n\u00fcniversite k\u00fct\u00fcphanelerinde kataloglanan ve daha \u00f6nce ayn\u0131 alanda farkl\u0131\nyazarlara ait en az 20 kitap yay\u0131mlam\u0131\u015f yay\u0131nevi.<\/p>\n\n\n\n<p><strong>Uluslararas\u0131 Yay\u0131nevi:<\/strong>&nbsp;En\naz be\u015f y\u0131l uluslararas\u0131 d\u00fczeyde d\u00fczenli faaliyet y\u00fcr\u00fcten, yay\u0131mlad\u0131\u011f\u0131 kitaplar\nd\u00fcnyan\u0131n bilinen \u00fcniversitelerinin kataloglar\u0131nda yer alan ve ayn\u0131 alanda\nfarkl\u0131 yazarlara ait en az 20 kitap yay\u0131nlam\u0131\u015f olan yay\u0131nevi.<\/p>\n\n\n\n<p>***Dan\u0131\u015ftay\n8. Dairesi, 20.12.2018 tarih,&nbsp;\nE.2016\/2365 ve&nbsp; K.2018 \/8777\nsay\u0131l\u0131 karar\u0131yla&nbsp; E\u011fitim Bilimleri ve\n\u00d6\u011fretmen Yeti\u015ftirme, Fen Bilimleri ve Matematik, Filoloji, Hukuk, \u0130lahiyat,\nMimarl\u0131k, Planlama, Tasar\u0131m, M\u00fchendislik, Sa\u011fl\u0131k Bilimleri, Sosyal, Be\u015feri ve\n\u0130dari Bilimler, Ziraat, Orman ve Su \u00dcr\u00fcnleri, Spor Bilimleri Temel Alanlar\u0131n\u0131n\nt\u00fcm\u00fcnde \u201cTan\u0131mlar\u201d&nbsp; ba\u015fl\u0131\u011f\u0131 alt\u0131nda yer\nalan \u201cTan\u0131nm\u0131\u015f Ulusal Yay\u0131nevi\u201d, \u201dTan\u0131nm\u0131\u015f Uluslararas\u0131 Yay\u0131nevi\u201d, ibarelerinin\niptaline karar verdi.<\/p>\n\n\n\n<p><strong>Madde 3\u2019de aday edit\u00f6rl\u00fc\u011f\u00fcn\u00fc\nyapm\u0131\u015f oldu\u011fu ve ayn\u0131 zamanda s\u00f6z konusu kitap i\u00e7erisinde b\u00f6l\u00fcm yazarl\u0131\u011f\u0131 da\nyapm\u0131\u015f oldu\u011fu bir kitapta her ikisi kapsam\u0131nda puan alabilecektir.<\/strong><\/p>\n\n\n\n<p><strong>4.Patent Kriteri<\/strong><\/p>\n\n\n\n<p><strong>Uluslararas\u0131 Patent:&nbsp;<\/strong>Uluslararas\u0131\nara\u015ft\u0131rma ofisleri taraf\u0131ndan&nbsp; (PCT \u2013 Patent Cooperation Treaty) bulu\u015fun\nyeni ve bulu\u015f basama\u011f\u0131 i\u00e7erdi\u011fine dair ara\u015ft\u0131rma raporu al\u0131nm\u0131\u015f patent\nba\u015fvurusu<\/p>\n\n\n\n<p><strong>Ulusal Patent:&nbsp;<\/strong>T\u00fcrk\nPatent Enstit\u00fcs\u00fc taraf\u0131ndan bulu\u015fun yeni ve bulu\u015f basama\u011f\u0131 i\u00e7erdi\u011fine dair\nara\u015ft\u0131rma raporu al\u0131nm\u0131\u015f patent ba\u015fvurusu<\/p>\n\n\n\n<p><strong>a)&nbsp;<\/strong>Uluslararas\u0131 patent\n20<\/p>\n\n\n\n<p><strong>b)<\/strong>&nbsp;Ulusal patent 10 puan\nal\u0131r.<\/p>\n\n\n\n<p>Patentlerde puan ki\u015fi say\u0131s\u0131na b\u00f6l\u00fcn\u00fcr. Ba\u015fvurulan do\u00e7entlik bilim alan\u0131\nile ilgili olmal\u0131d\u0131r.<\/p>\n\n\n\n<p><strong>5.At\u0131f Kriteri<\/strong><\/p>\n\n\n\n<p><strong>a)<\/strong>&nbsp;SCI, SCI-Expanded,\nSSCI ve AHCI taraf\u0131ndan taranan dergilerde; Uluslararas\u0131 yay\u0131nevleri taraf\u0131ndan\nyay\u0131mlanm\u0131\u015f kitaplarda yay\u0131mlanan ve aday\u0131n yazar olarak yer almad\u0131\u011f\u0131\nyay\u0131nlardan her birinde, metin i\u00e7indeki at\u0131f say\u0131s\u0131na bak\u0131lmaks\u0131z\u0131n aday\u0131n at\u0131f\nyap\u0131lan her eseri i\u00e7in&nbsp;<strong>3 puan<\/strong><\/p>\n\n\n\n<p><strong>b)<\/strong>&nbsp;SCI, SCI-Expanded,\nSSCI ve AHCI d\u0131\u015f\u0131ndaki endeksler taraf\u0131ndan taranan dergilerde; Uluslararas\u0131\nyay\u0131nevleri taraf\u0131ndan yay\u0131mlanm\u0131\u015f kitaplarda b\u00f6l\u00fcm yazar\u0131 olarak yay\u0131mlanan ve\naday\u0131n yazar olarak yer almad\u0131\u011f\u0131 yay\u0131nlardan her birinde, metin i\u00e7indeki at\u0131f\nsay\u0131s\u0131na bak\u0131lmaks\u0131z\u0131n aday\u0131n at\u0131f yap\u0131lan her eseri i\u00e7in&nbsp;<strong>2 puan<\/strong><\/p>\n\n\n\n<p><strong>c)<\/strong>&nbsp;Ulusal hakemli\ndergilerde; Ulusal yay\u0131nevleri taraf\u0131ndan yay\u0131mlanm\u0131\u015f kitaplarda yay\u0131mlanan ve\naday\u0131n yazar olarak yer almad\u0131\u011f\u0131 yay\u0131nlardan her birinde, metin i\u00e7indeki at\u0131f\nsay\u0131s\u0131na bak\u0131lmaks\u0131z\u0131n aday\u0131n at\u0131f yap\u0131lan her eseri i\u00e7in&nbsp;<strong>1 puan<\/strong><\/p>\n\n\n\n<p><strong>Bu madde kapsam\u0131nda en az 4 puan\nal\u0131nmas\u0131 zorunludur. Bu madde kapsam\u0131nda en fazla 20 puan al\u0131nabilir.<\/strong><\/p>\n\n\n\n<p>Puanlamada \u201cAt\u0131flar\u201d ve \u201cMakaleler\u201d ayr\u0131 iki b\u00f6l\u00fcm oldu\u011fundan ayn\u0131 makale\nmakaleler k\u0131sm\u0131nda ve at\u0131f alm\u0131\u015f ise at\u0131flar b\u00f6l\u00fcm\u00fcnde puanlanmal\u0131d\u0131r.<\/p>\n\n\n\n<p>Lisans\u00fcst\u00fc tezden \u00fcretilmemi\u015f ancak doktora derecesinden \u00f6nce yay\u0131nlanm\u0131\u015f\nbir \u00e7al\u0131\u015fma minimum 90 puana dahil edilmemek \u00fczere hangi kategorideyse o\nk\u0131s\u0131mda de\u011ferlendirilmelidir ve at\u0131flar\u0131ndan da faydalan\u0131lmal\u0131d\u0131r.<\/p>\n\n\n\n<p>Doktora unvan\u0131n\u0131n al\u0131nmas\u0131ndan \u00f6nce yay\u0131mlanan bir makaleye, doktora\nunvan\u0131n\u0131n al\u0131nmas\u0131 sonras\u0131 yap\u0131lan at\u0131flar\u0131ndan al\u0131nan puanlar, yap\u0131lan at\u0131f\ndoktora derecesi ald\u0131ktan sonra ise de\u011ferlendirmeye al\u0131nmal\u0131d\u0131r.<\/p>\n\n\n\n<p><strong>At\u0131f puan\u0131n\u0131n yazar say\u0131s\u0131na\nb\u00f6l\u00fcnmesiyle ilgili bir ibare bulunmamaktad\u0131r. Her yay\u0131n, yay\u0131mland\u0131\u011f\u0131 yerde\nka\u00e7 defa at\u0131f yap\u0131ld\u0131\u011f\u0131na bak\u0131lmaks\u0131z\u0131n bir defa at\u0131f puan\u0131 al\u0131r.<\/strong><\/p>\n\n\n\n<p><strong>6.Lisans\u00fcst\u00fc Tez Dan\u0131\u015fmanl\u0131\u011f\u0131 Kriteri<\/strong><\/p>\n\n\n\n<p>Aday\u0131n dan\u0131\u015fmanl\u0131\u011f\u0131n\u0131 y\u00fcr\u00fctt\u00fc\u011f\u00fc tamamlanan lisans\u00fcst\u00fc tezlerden<\/p>\n\n\n\n<p><strong>a)<\/strong>&nbsp;Doktora tez\ndan\u0131\u015fmanl\u0131\u011f\u0131 4 puan,<\/p>\n\n\n\n<p><strong>b)<\/strong>&nbsp;Y\u00fcksek lisans tez\ndan\u0131\u015fmanl\u0131\u011f\u0131 2 puan al\u0131r.<\/p>\n\n\n\n<p><strong>Bu madde kapsam\u0131nda en fazla 10 puan\nal\u0131nabilir. \u0130kinci\/e\u015f dan\u0131\u015fman olmas\u0131 durumunda as\u0131l dan\u0131\u015fman a ve b bentleri\ni\u00e7in \u00f6ng\u00f6r\u00fclen puanlar\u0131n tamam\u0131n\u0131, ikinci dan\u0131\u015fman ise yar\u0131s\u0131n\u0131 al\u0131r.<\/strong><\/p>\n\n\n\n<p><strong>7.Bilimsel Ara\u015ft\u0131rma Projesi Kriteri<\/strong><\/p>\n\n\n\n<p><strong>a)<\/strong>&nbsp;Devam eden veya\nba\u015far\u0131 ile tamamlanm\u0131\u015f AB \u00c7er\u00e7eve Program\u0131 Bilimsel Ara\u015ft\u0131rma Projesinde\nkoordinat\u00f6r \/ ba\u015f ara\u015ft\u0131rmac\u0131 olmak&nbsp;<strong>15\npuan<\/strong><\/p>\n\n\n\n<p><strong>b)<\/strong>&nbsp;Devam eden veya\nba\u015far\u0131 ile tamamlanm\u0131\u015f AB \u00c7er\u00e7eve program\u0131 bilimsel ara\u015ft\u0131rma projesinde ortak\nara\u015ft\u0131rmac\u0131 olmak&nbsp;<strong>10 puan<\/strong><\/p>\n\n\n\n<p><strong>c)<\/strong>&nbsp;Devam eden veya\nba\u015far\u0131 ile tamamlanm\u0131\u015f a ve b bentleri d\u0131\u015f\u0131ndaki uluslararas\u0131 destekli bilimsel\nara\u015ft\u0131rma projelerinde (derleme ve rapor haz\u0131rlama \u00e7al\u0131\u015fmalar\u0131 hari\u00e7) g\u00f6rev\nalmak&nbsp;<strong>6 puan<\/strong><\/p>\n\n\n\n<p><strong>d)<\/strong>&nbsp;\u00dcniversiteler\nd\u0131\u015f\u0131ndaki kamu kurumlar\u0131yla yap\u0131lan ba\u015far\u0131yla tamamlanan veya y\u00fcr\u00fct\u00fclen\nbilimsel ara\u015ft\u0131rma projelerinde g\u00f6rev almak&nbsp;<strong>4\npuan<\/strong>&nbsp;al\u0131r.<\/p>\n\n\n\n<p><strong>Bu maddeden en fazla 20 puan\nal\u0131nabilir. \u00dcniversitelerde y\u00fcr\u00fct\u00fclen BAP projesi y\u00fcr\u00fct\u00fcc\u00fcl\u00fckleri puanlamaya\ndahil edilmemi\u015ftir.<\/strong><\/p>\n\n\n\n<p>T\u00dcB\u0130TAK ARDEB 1001 program\u0131 kapsam\u0131nda ger\u00e7ekle\u015ftirilen projelerde\nara\u015ft\u0131rmac\u0131 olan bir aday \u201cProjeler\u201d ba\u015fl\u0131\u011f\u0131 alt\u0131nda puan alamaz.<\/p>\n\n\n\n<p><strong>8.Bilimsel Toplant\u0131 Faaliyeti Kriteri<\/strong><strong><em>(Ba\u015fvurulan\nbilim alan\u0131 ile ilgili ve aday\u0131n haz\u0131rlad\u0131\u011f\u0131 lisans\u00fcst\u00fc tezlerden \u00fcretilmemi\u015f\nolmak kayd\u0131yla)<\/em><\/strong><\/p>\n\n\n\n<p><strong>a)<\/strong>&nbsp;Uluslararas\u0131 bilimsel\ntoplant\u0131larda sunulan (poster hari\u00e7), tam metni veya \u00f6zeti matbu veya\nelektronik olarak bildiri kitap\u00e7\u0131\u011f\u0131nda yay\u0131mlanm\u0131\u015f \u00e7al\u0131\u015fmalar 3 puan<\/p>\n\n\n\n<p><strong>b)<\/strong>&nbsp;Ulusal bilimsel\ntoplant\u0131larda sunulan (poster hari\u00e7), tam metni veya \u00f6zeti matbu veya elektronik\nolarak bildiri kitap\u00e7\u0131\u011f\u0131nda yay\u0131mlanm\u0131\u015f \u00e7al\u0131\u015fmalar 2 puan al\u0131r.<\/p>\n\n\n\n<p><strong>Bu madde kapsam\u0131nda en az 5 puan almak\nzorunludur, en fazla 10 puan al\u0131nabilir. Ayn\u0131 toplant\u0131da sunulan en fazla bir\nbildiri puanlan\u0131r.<\/strong>&nbsp;Bu b\u00f6l\u00fcmde puanlanan eserlerin ba\u015fvurulan\ndo\u00e7entlik bilim alan\u0131 ile ilgili ve aday\u0131n haz\u0131rlad\u0131\u011f\u0131 lisans\u00fcst\u00fc tezlerden\n\u00fcretilmemi\u015f olmas\u0131 gereklidir.<\/p>\n\n\n\n<p>Bilimsel toplant\u0131larda sunulan bildirilerden daha sonra tam metni\nyay\u0131mlanan \u00e7al\u0131\u015fmalar ile ilgili olarak puanlama ancak bir yerde yap\u0131l\u0131r. Ancak\nbildiri metninin daha sonra makale olarak yay\u0131mland\u0131\u011f\u0131 a\u00e7\u0131k\u00e7a belirtilmelidir.<\/p>\n\n\n\n<p><strong>S\u00f6zl\u00fc Bildirileri do\u00e7ent aday\u0131n\u0131n\nkendisinin mi yapm\u0131\u015f olmas\u0131 gerekmiyor. S\u00f6zl\u00fc bildirilerin sunulmas\u0131 esas olup\nyazarlardan birisinin sunmas\u0131 yeterlidir.<\/strong><\/p>\n\n\n\n<p>Konferans kitap\u00e7\u0131\u011f\u0131nda bas\u0131lmayan konu\u015fmalar bildiri olarak kabul\nedilmemektedir.&nbsp;<strong>Poster Bildirimleri\npuanlama d\u0131\u015f\u0131nda b\u0131rak\u0131lm\u0131\u015ft\u0131r.<\/strong><\/p>\n\n\n\n<p><strong>9.E\u011fitim-\u00d6\u011fretim Faaliyeti Kriteri<\/strong><\/p>\n\n\n\n<p>Doktora e\u011fitimini tamamlad\u0131ktan sonra a\u00e7\u0131k, uzaktan veya y\u00fcz y\u00fcze\nortamlarda verilmi\u015f ders;<\/p>\n\n\n\n<p><strong>a)<\/strong>&nbsp;Bir d\u00f6nem y\u00fcksek\nlisans veya doktora dersi 3 puan,<\/p>\n\n\n\n<p><strong>b)<\/strong>&nbsp;Bir d\u00f6nem \u00f6nlisans\nveya lisans dersi 2 puan al\u0131r.<\/p>\n\n\n\n<p>Bu madde kapsam\u0131nda en az 2 puan almak zorunludur, ancak en fazla 4 puan\nal\u0131nabilir. Yurti\u00e7i veya Y\u00d6K taraf\u0131ndan tan\u0131nan yurtd\u0131\u015f\u0131 y\u00fcksek\u00f6\u011fretim kurumlar\u0131nda\nen az 2 y\u0131l \u00f6\u011fretim eleman\u0131 olarak g\u00f6rev yapanlar 2 puan alm\u0131\u015f say\u0131l\u0131r.<\/p>\n\n\n\n<p>\u00dcniversite b\u00fcnyesinde bulunmayan do\u00e7ent adaylar\u0131n\u0131n ders verme y\u00fck\u00fcml\u00fcl\u00fc\u011f\u00fc\nbulunduklar\u0131 kurumda herhangi bir faaliyete kar\u015f\u0131l\u0131k gelmemektedir.<\/p>\n\n\n\n<p>\u00dcniversite d\u0131\u015f\u0131nda \u00e7al\u0131\u015fan adaylar\u0131n herhangi bir devlet ya da vak\u0131f\n\u00fcniversitesinde g\u00f6revlendirme ile \u00f6n lisans ya da lisans dersine girmeleri\nhalinde 9. Maddede belirtilen \u015fartlara uygun olmak \u015fart\u0131yla kabul edilir.<\/p>\n\n\n\n<p><strong>K\u0131saltmalar:<\/strong><\/p>\n\n\n\n<p>SCI\u2013Expanded : Science Citation Index-Expanded<\/p>\n\n\n\n<p>SCI : Science Citation Index<\/p>\n\n\n\n<p>SSCI : Social Sciences Citation Index<\/p>\n\n\n\n<p>AHCI : Art and Humanities Index<\/p>\n\n\n\n<p>ULAKB\u0130M : Ulusal Akademik A\u011f ve Bilgi Merkezi<\/p>\n\n\n\n<p>AB \u00c7er\u00e7eve Programlar\u0131 : AB taraf\u0131ndan, \u00fcye ve aday \u00fclkelerin \u00e7e\u015fitli\nalanlardaki ulusal politika ve uygulamalar\u0131n\u0131n birbirine yak\u0131nla\u015ft\u0131r\u0131lmas\u0131\namac\u0131yla olu\u015fturulan Topluluk Programlar\u0131ndan birisidir.<\/p>\n","protected":false},"excerpt":{"rendered":"<p>I) Ba\u015fvuru \u015eartlar\u0131 2547 Say\u0131l\u0131 Y\u00fcksek\u00f6\u011fretim Kanununun 24. Maddesine g\u00f6re Do\u00e7entlik S\u0131nav\u0131 \u00dcniversiteleraras\u0131 Kurul Ba\u015fkanl\u0131\u011f\u0131 taraf\u0131ndan y\u0131lda iki defa yap\u0131lmakta olup, ba\u015fvuru \u015fartlar\u0131 \u015fu \u015fekilde ifade edilmektedir. (1)&nbsp;Bir lisans diplomas\u0131 ald\u0131ktan sonra,&nbsp;doktora&nbsp;ile t\u0131pta, di\u015f hekimli\u011finde, eczac\u0131l\u0131kta ve veteriner hekimlikte uzmanl\u0131k unvan\u0131n\u0131 veya \u00dcniversiteleraras\u0131 Kurulun \u00f6nerisi \u00fczerine Y\u00fcksek\u00f6\u011fretim Kurulunca tespit edilen belli sanat dallar\u0131n\u0131n birinde yeterlik<\/p>\n<a class=\"btn_a\" href=\"https:\/\/docentlikbasvurulari.com\/index.php\/ziraat-ve-orman-ve-su-urunleri\/\"><span><i class=\"in_left fa fa-angle-right\"><\/i><span>Details<\/span><i class=\"in_right fa fa-angle-right\"><\/i><\/span><\/a>","protected":false},"author":1,"featured_media":253,"parent":0,"menu_order":0,"comment_status":"closed","ping_status":"closed","template":"","meta":{"footnotes":""},"class_list":["post-73","page","type-page","status-publish","has-post-thumbnail","hentry"],"_links":{"self":[{"href":"https:\/\/docentlikbasvurulari.com\/index.php\/wp-json\/wp\/v2\/pages\/73","targetHints":{"allow":["GET"]}}],"collection":[{"href":"https:\/\/docentlikbasvurulari.com\/index.php\/wp-json\/wp\/v2\/pages"}],"about":[{"href":"https:\/\/docentlikbasvurulari.com\/index.php\/wp-json\/wp\/v2\/types\/page"}],"author":[{"embeddable":true,"href":"https:\/\/docentlikbasvurulari.com\/index.php\/wp-json\/wp\/v2\/users\/1"}],"replies":[{"embeddable":true,"href":"https:\/\/docentlikbasvurulari.com\/index.php\/wp-json\/wp\/v2\/comments?post=73"}],"version-history":[{"count":4,"href":"https:\/\/docentlikbasvurulari.com\/index.php\/wp-json\/wp\/v2\/pages\/73\/revisions"}],"predecessor-version":[{"id":254,"href":"https:\/\/docentlikbasvurulari.com\/index.php\/wp-json\/wp\/v2\/pages\/73\/revisions\/254"}],"wp:featuredmedia":[{"embeddable":true,"href":"https:\/\/docentlikbasvurulari.com\/index.php\/wp-json\/wp\/v2\/media\/253"}],"wp:attachment":[{"href":"https:\/\/docentlikbasvurulari.com\/index.php\/wp-json\/wp\/v2\/media?parent=73"}],"curies":[{"name":"wp","href":"https:\/\/api.w.org\/{rel}","templated":true}]}}