{"id":71,"date":"2019-07-13T22:06:15","date_gmt":"2019-07-13T19:06:15","guid":{"rendered":"http:\/\/docentlikbasvurulari.com\/?page_id=71"},"modified":"2019-07-25T01:33:39","modified_gmt":"2019-07-24T22:33:39","slug":"spor-bilimleri","status":"publish","type":"page","link":"https:\/\/docentlikbasvurulari.com\/index.php\/spor-bilimleri\/","title":{"rendered":"Spor Bilimleri"},"content":{"rendered":"\n<p><strong>I) Ba\u015fvuru \u015eartlar\u0131<\/strong><\/p>\n\n\n\n<p>2547 Say\u0131l\u0131 Y\u00fcksek\u00f6\u011fretim Kanununun 24. Maddesine g\u00f6re Do\u00e7entlik S\u0131nav\u0131\n\u00dcniversiteleraras\u0131 Kurul Ba\u015fkanl\u0131\u011f\u0131 taraf\u0131ndan y\u0131lda iki defa yap\u0131lmakta olup,\nba\u015fvuru \u015fartlar\u0131 \u015fu \u015fekilde ifade edilmektedir.<\/p>\n\n\n\n<p><strong>(1)<\/strong>&nbsp;Bir lisans diplomas\u0131\nald\u0131ktan sonra,&nbsp;<strong>doktora<\/strong>&nbsp;ile\nt\u0131pta, di\u015f hekimli\u011finde, eczac\u0131l\u0131kta ve veteriner hekimlikte uzmanl\u0131k unvan\u0131n\u0131\nveya \u00dcniversiteleraras\u0131 Kurulun \u00f6nerisi \u00fczerine Y\u00fcksek\u00f6\u011fretim Kurulunca tespit\nedilen belli sanat dallar\u0131n\u0131n birinde yeterlik kazanm\u0131\u015f olmak,<\/p>\n\n\n\n<p><strong>(2)<\/strong>&nbsp;Y\u00fcksek\u00f6\u011fretim Kurulu\ntaraf\u0131ndan belirlenen merkez\u00ee bir yabanc\u0131 dil s\u0131nav\u0131ndan en&nbsp;<strong>az elli be\u015f puan<\/strong>&nbsp;veya uluslararas\u0131\nge\u00e7erlili\u011fi Y\u00fcksek\u00f6\u011fretim Kurulu taraf\u0131ndan kabul edilen bir yabanc\u0131 dil\ns\u0131nav\u0131ndan buna denk bir puan alm\u0131\u015f olmak; do\u00e7entlik bilim alan\u0131n\u0131n belli bir\nyabanc\u0131 dille ilgili olmas\u0131 halinde ise bu s\u0131nav\u0131 ba\u015fka bir yabanc\u0131 dilde\nvermek.<\/p>\n\n\n\n<p><strong>(3)<\/strong>&nbsp;\u00dcniversiteleraras\u0131\nKurulun g\u00f6r\u00fc\u015f\u00fc \u00fczerine Y\u00fcksek\u00f6\u011fretim Kurulu taraf\u0131ndan her bir bilim veya sanat\ndisiplininin \u00f6zellikleri dikkate al\u0131narak belirlenecek yeterli say\u0131 ve\nnitelikte \u00f6zg\u00fcn bilimsel yay\u0131n ve \u00e7al\u0131\u015fmalar yapmak.<\/p>\n\n\n\n<p><strong>II) Ba\u015fvuru Kriterleri<\/strong><\/p>\n\n\n\n<p>Ba\u015fvuru Kriterleri\n\u00dcniversiteleraras\u0131 Kurulun g\u00f6r\u00fc\u015f\u00fc \u00fczerine Y\u00fcksek\u00f6\u011fretim Kurulu taraf\u0131ndan her\nbir bilim veya sanat disiplininin \u00f6zellikleri dikkate al\u0131narak \u00e7\u0131kar\u0131lm\u0131\u015ft\u0131r. <\/p>\n\n\n\n<p><strong>Ba\u015fvurulacak olan Temel Alanlar ve\nBilim Alanlar\u0131 ile Anahtar Kelimeler<\/strong><\/p>\n\n\n\n<p><a href=\"http:\/\/www.uak.gov.tr\/temelalan\/2019M_BilimAlanlariAnahtarKelimeler_140319.pdf\">http:\/\/www.uak.gov.tr\/temelalan\/2019M_BilimAlanlariAnahtarKelimeler_140319.pdf<\/a><\/p>\n\n\n\n<p><strong>Aday ba\u015fvurusunda, bir bilim alan\u0131\nve bilim alan\u0131na ba\u011fl\u0131 en az 1 (bir) en fazla 3 (\u00fc\u00e7) anahtar kelime\nbelirtmelidir.<\/strong><\/p>\n\n\n\n<p><strong>Spor Bilimleri Temel Alan\u0131:<\/strong>&nbsp;<\/p>\n\n\n\n<p><a href=\"http:\/\/www.uak.gov.tr\/temelalan\/TA_Tablo13_2019M_071217.pdf\">http:\/\/www.uak.gov.tr\/temelalan\/TA_Tablo13_2019M_071217.pdf<\/a><\/p>\n\n\n\n<p><strong>***ULAKB\u0130M Taraf\u0131ndan Taranan\nDergiler:&nbsp;<\/strong><\/p>\n\n\n\n<p><a href=\"https:\/\/trdizin.gov.tr\/statistics\/listAcceptedJournals.xhtml\">https:\/\/trdizin.gov.tr\/statistics\/listAcceptedJournals.xhtml<\/a><\/p>\n\n\n\n<p><strong>K\u0131saltmalar:<\/strong><\/p>\n\n\n\n<p>SCI\u2013Expanded : Science Citation Index-Expanded<\/p>\n\n\n\n<p>SCI : Science Citation Index<\/p>\n\n\n\n<p>SSCI : Social Sciences Citation Index<\/p>\n\n\n\n<p>AHCI : Art and Humanities Index<\/p>\n\n\n\n<p>ULAKB\u0130M : Ulusal Akademik A\u011f ve Bilgi Merkezi<\/p>\n\n\n\n<p>AB \u00c7er\u00e7eve Programlar\u0131 : AB taraf\u0131ndan, \u00fcye ve aday \u00fclkelerin \u00e7e\u015fitli\nalanlardaki ulusal politika ve uygulamalar\u0131n\u0131n birbirine yak\u0131nla\u015ft\u0131r\u0131lmas\u0131\namac\u0131yla olu\u015fturulan Topluluk Programlar\u0131ndan birisidir.<\/p>\n\n\n\n<p><strong>Alan \u0130ndeksleri:<\/strong>&nbsp;Is\u0131\nDatabase\u2019e giren e\u011fitim\/spor bilim alan\u0131yla ilgili indeksler, Australian\nEducation Index, British Education Index, Journals Indexed in ERIC, Education\nFull Text (H. W. Wilson) Database Covarage List<\/p>\n\n\n\n<p>Ba\u015fl\u0131ca\nYazar: A\u015fa\u011f\u0131da belirtilen makalelerde aday ba\u015fl\u0131ca yazar say\u0131l\u0131r:<\/p>\n\n\n\n<p>a) Tek\nyazarl\u0131 makale<\/p>\n\n\n\n<p>b)\nMakalenin yazarlar\u0131ndan ilk s\u0131rada yer alan yazar.<\/p>\n\n\n\n<p>c)\nDan\u0131\u015fmanl\u0131\u011f\u0131n\u0131 yapt\u0131\u011f\u0131 lisans\u00fcst\u00fc \u00f6\u011frenci(ler) ile birlikte yaz\u0131lm\u0131\u015f makale\n(ayn\u0131 makalede birden fazla \u00f6\u011frenci ve ikinci dan\u0131\u015fman da yer alabilir).<\/p>\n","protected":false},"excerpt":{"rendered":"<p>I) Ba\u015fvuru \u015eartlar\u0131 2547 Say\u0131l\u0131 Y\u00fcksek\u00f6\u011fretim Kanununun 24. Maddesine g\u00f6re Do\u00e7entlik S\u0131nav\u0131 \u00dcniversiteleraras\u0131 Kurul Ba\u015fkanl\u0131\u011f\u0131 taraf\u0131ndan y\u0131lda iki defa yap\u0131lmakta olup, ba\u015fvuru \u015fartlar\u0131 \u015fu \u015fekilde ifade edilmektedir. (1)&nbsp;Bir lisans diplomas\u0131 ald\u0131ktan sonra,&nbsp;doktora&nbsp;ile t\u0131pta, di\u015f hekimli\u011finde, eczac\u0131l\u0131kta ve veteriner hekimlikte uzmanl\u0131k unvan\u0131n\u0131 veya \u00dcniversiteleraras\u0131 Kurulun \u00f6nerisi \u00fczerine Y\u00fcksek\u00f6\u011fretim Kurulunca tespit edilen belli sanat dallar\u0131n\u0131n birinde yeterlik<\/p>\n<a class=\"btn_a\" href=\"https:\/\/docentlikbasvurulari.com\/index.php\/spor-bilimleri\/\"><span><i class=\"in_left fa fa-angle-right\"><\/i><span>Details<\/span><i class=\"in_right fa fa-angle-right\"><\/i><\/span><\/a>","protected":false},"author":1,"featured_media":256,"parent":0,"menu_order":0,"comment_status":"closed","ping_status":"closed","template":"","meta":{"footnotes":""},"class_list":["post-71","page","type-page","status-publish","has-post-thumbnail","hentry"],"_links":{"self":[{"href":"https:\/\/docentlikbasvurulari.com\/index.php\/wp-json\/wp\/v2\/pages\/71","targetHints":{"allow":["GET"]}}],"collection":[{"href":"https:\/\/docentlikbasvurulari.com\/index.php\/wp-json\/wp\/v2\/pages"}],"about":[{"href":"https:\/\/docentlikbasvurulari.com\/index.php\/wp-json\/wp\/v2\/types\/page"}],"author":[{"embeddable":true,"href":"https:\/\/docentlikbasvurulari.com\/index.php\/wp-json\/wp\/v2\/users\/1"}],"replies":[{"embeddable":true,"href":"https:\/\/docentlikbasvurulari.com\/index.php\/wp-json\/wp\/v2\/comments?post=71"}],"version-history":[{"count":2,"href":"https:\/\/docentlikbasvurulari.com\/index.php\/wp-json\/wp\/v2\/pages\/71\/revisions"}],"predecessor-version":[{"id":257,"href":"https:\/\/docentlikbasvurulari.com\/index.php\/wp-json\/wp\/v2\/pages\/71\/revisions\/257"}],"wp:featuredmedia":[{"embeddable":true,"href":"https:\/\/docentlikbasvurulari.com\/index.php\/wp-json\/wp\/v2\/media\/256"}],"wp:attachment":[{"href":"https:\/\/docentlikbasvurulari.com\/index.php\/wp-json\/wp\/v2\/media?parent=71"}],"curies":[{"name":"wp","href":"https:\/\/api.w.org\/{rel}","templated":true}]}}