{"id":421,"date":"2020-03-25T16:29:33","date_gmt":"2020-03-25T13:29:33","guid":{"rendered":"http:\/\/docentlikbasvurulari.com\/?page_id=421"},"modified":"2020-04-15T16:43:13","modified_gmt":"2020-04-15T13:43:13","slug":"2020-mart-donemi-docentlik-basvurulari-gecici-sureyle-durduruldu","status":"publish","type":"page","link":"https:\/\/docentlikbasvurulari.com\/index.php\/2020-mart-donemi-docentlik-basvurulari-gecici-sureyle-durduruldu\/","title":{"rendered":"2020 Mart D\u00f6nemi Do\u00e7entlik ba\u015fvurular\u0131n\u0131n 15-30 Haziran 2020 tarihleri aras\u0131nda al\u0131nmas\u0131na karar verilmi\u015ftir."},"content":{"rendered":"\n<p style=\"text-align:justify\"><strong>Do\u00e7ent Adaylar\u0131na Duyurulur<\/strong><\/p>\n\n\n\n<p style=\"text-align:justify\">\u00dcAK Y\u00f6netim Kurulunun 15 Nisan 2020 tarihli toplant\u0131s\u0131nda, 25 Mart 2020 tarih ve 2020\/03 say\u0131l\u0131 toplant\u0131da al\u0131nan kararla ge\u00e7ici s\u00fcreyle durdurulan 2020 Mart D\u00f6nemi Do\u00e7entlik ba\u015fvurular\u0131n\u0131n 15-30 Haziran 2020 tarihleri aras\u0131nda al\u0131nmas\u0131na karar verilmi\u015ftir.<br><\/p>\n\n\n\n<p style=\"text-align:justify\">15 Mart 2020\u2019den 25 Mart 2020 tarihine kadar olan s\u00fcre\u00e7te ba\u015fvurusunu tamamlay\u0131p sonland\u0131ran adaylar\u0131n ba\u015fvurular\u0131 ge\u00e7erlidir. Ancak bu adaylara ba\u015fvurular\u0131n\u0131 g\u00fcncelleme imk\u00e2n\u0131 verilecektir.<br><\/p>\n\n\n\n<p style=\"text-align:justify\">T\u00fcm adaylar, 30 Haziran 2020 tarihinde sona erecek yeni ba\u015fvuru s\u00fcrecinde, bu tarih sonuna kadar yapm\u0131\u015f olduklar\u0131 yeni akademik \u00e7al\u0131\u015fmalar\u0131 kullanabileceklerdir. (15.04.2020) (25.03.2020) <\/p>\n","protected":false},"excerpt":{"rendered":"<p>Do\u00e7ent Adaylar\u0131na Duyurulur \u00dcAK Y\u00f6netim Kurulunun 15 Nisan 2020 tarihli toplant\u0131s\u0131nda, 25 Mart 2020 tarih ve 2020\/03 say\u0131l\u0131 toplant\u0131da al\u0131nan kararla ge\u00e7ici s\u00fcreyle durdurulan 2020 Mart D\u00f6nemi Do\u00e7entlik ba\u015fvurular\u0131n\u0131n 15-30 Haziran 2020 tarihleri aras\u0131nda al\u0131nmas\u0131na karar verilmi\u015ftir. 15 Mart 2020\u2019den 25 Mart 2020 tarihine kadar olan s\u00fcre\u00e7te ba\u015fvurusunu tamamlay\u0131p sonland\u0131ran adaylar\u0131n ba\u015fvurular\u0131 ge\u00e7erlidir. Ancak bu<\/p>\n<a class=\"btn_a\" href=\"https:\/\/docentlikbasvurulari.com\/index.php\/2020-mart-donemi-docentlik-basvurulari-gecici-sureyle-durduruldu\/\"><span><i class=\"in_left fa fa-angle-right\"><\/i><span>Details<\/span><i class=\"in_right fa fa-angle-right\"><\/i><\/span><\/a>","protected":false},"author":1,"featured_media":446,"parent":0,"menu_order":0,"comment_status":"closed","ping_status":"closed","template":"","meta":{"footnotes":""},"class_list":["post-421","page","type-page","status-publish","has-post-thumbnail","hentry"],"_links":{"self":[{"href":"https:\/\/docentlikbasvurulari.com\/index.php\/wp-json\/wp\/v2\/pages\/421","targetHints":{"allow":["GET"]}}],"collection":[{"href":"https:\/\/docentlikbasvurulari.com\/index.php\/wp-json\/wp\/v2\/pages"}],"about":[{"href":"https:\/\/docentlikbasvurulari.com\/index.php\/wp-json\/wp\/v2\/types\/page"}],"author":[{"embeddable":true,"href":"https:\/\/docentlikbasvurulari.com\/index.php\/wp-json\/wp\/v2\/users\/1"}],"replies":[{"embeddable":true,"href":"https:\/\/docentlikbasvurulari.com\/index.php\/wp-json\/wp\/v2\/comments?post=421"}],"version-history":[{"count":5,"href":"https:\/\/docentlikbasvurulari.com\/index.php\/wp-json\/wp\/v2\/pages\/421\/revisions"}],"predecessor-version":[{"id":450,"href":"https:\/\/docentlikbasvurulari.com\/index.php\/wp-json\/wp\/v2\/pages\/421\/revisions\/450"}],"wp:featuredmedia":[{"embeddable":true,"href":"https:\/\/docentlikbasvurulari.com\/index.php\/wp-json\/wp\/v2\/media\/446"}],"wp:attachment":[{"href":"https:\/\/docentlikbasvurulari.com\/index.php\/wp-json\/wp\/v2\/media?parent=421"}],"curies":[{"name":"wp","href":"https:\/\/api.w.org\/{rel}","templated":true}]}}