{"id":406,"date":"2020-03-12T12:24:39","date_gmt":"2020-03-12T09:24:39","guid":{"rendered":"http:\/\/docentlikbasvurulari.com\/?page_id=406"},"modified":"2020-03-12T12:28:01","modified_gmt":"2020-03-12T09:28:01","slug":"2020-mart-donemi-basvuru-sartlari-ve-klavuzu-yayimlandi","status":"publish","type":"page","link":"https:\/\/docentlikbasvurulari.com\/index.php\/2020-mart-donemi-basvuru-sartlari-ve-klavuzu-yayimlandi\/","title":{"rendered":"2020 Mart D\u00f6nemi Ba\u015fvuru \u015eartlar\u0131 ve Klavuzu Yay\u0131mland\u0131."},"content":{"rendered":"\n<h2 class=\"wp-block-heading\">2020 Mart D\u00f6nemi Ba\u015fvuru \u0130\u015flemleri ile ilgili \u015fartlar, bilim alan\u0131 ve anahtar kelimeler ve s\u0131k\u00e7a sorulan sorular yay\u0131mlanm\u0131\u015ft\u0131r. A\u015fa\u011f\u0131dan ula\u015f\u0131labilir;<\/h2>\n\n\n\n<ul class=\"wp-block-list\"><li><a href=\"http:\/\/www.uak.gov.tr\/?q=node\/98\">2020 Mart D\u00f6nemi Do\u00e7entlik Ba\u015fvuru \u015eartlar\u0131<\/a><\/li><li><a href=\"http:\/\/www.uak.gov.tr\/temelalan\/2020M_BilimAlanlariAnahtarKelimeler_10032020.pdf\">2020 Mart D\u00f6nemi Do\u00e7entlik Bilim Alanlar\u0131 ve Anahtar Kelimeler<\/a><\/li><li><a href=\"http:\/\/www.uak.gov.tr\/duyuru\/2020M_Kilavuz_DBS_Kilavuzu_GenelBilgiler_10032020.pdf\">2020 Mart D\u00f6nemi Do\u00e7entlik K\u0131lavuzu<\/a><\/li><li><a href=\"http:\/\/www.uak.gov.tr\/duyuru\/2020M_S%C4%B1kcaSorulanSorularveCevaplar%C4%B1_10032020.pdf\">2020 Mart D\u00f6nemi Do\u00e7entlik Ba\u015fvurusuna \u0130li\u015fkin S\u0131k\u00e7a Sorulan Sorular ve Cevaplar\u0131<\/a><\/li><li><a href=\"https:\/\/dbs.yok.gov.tr\/\" target=\"_blank\" rel=\"noreferrer noopener\">Do\u00e7entlik Bilgi Sistemi<\/a><br>Do\u00e7entlik ba\u015fvurusu elektronik olarak bu sistem \u00fczerinden yap\u0131lmaktad\u0131r.<\/li><\/ul>\n","protected":false},"excerpt":{"rendered":"<p>2020 Mart D\u00f6nemi Ba\u015fvuru \u0130\u015flemleri ile ilgili \u015fartlar, bilim alan\u0131 ve anahtar kelimeler ve s\u0131k\u00e7a sorulan sorular yay\u0131mlanm\u0131\u015ft\u0131r. A\u015fa\u011f\u0131dan ula\u015f\u0131labilir; 2020 Mart D\u00f6nemi Do\u00e7entlik Ba\u015fvuru \u015eartlar\u0131 2020 Mart D\u00f6nemi Do\u00e7entlik Bilim Alanlar\u0131 ve Anahtar Kelimeler 2020 Mart D\u00f6nemi Do\u00e7entlik K\u0131lavuzu 2020 Mart D\u00f6nemi Do\u00e7entlik Ba\u015fvurusuna \u0130li\u015fkin S\u0131k\u00e7a Sorulan Sorular ve Cevaplar\u0131 Do\u00e7entlik Bilgi SistemiDo\u00e7entlik ba\u015fvurusu<\/p>\n<a class=\"btn_a\" href=\"https:\/\/docentlikbasvurulari.com\/index.php\/2020-mart-donemi-basvuru-sartlari-ve-klavuzu-yayimlandi\/\"><span><i class=\"in_left fa fa-angle-right\"><\/i><span>Details<\/span><i class=\"in_right fa fa-angle-right\"><\/i><\/span><\/a>","protected":false},"author":1,"featured_media":410,"parent":0,"menu_order":0,"comment_status":"closed","ping_status":"closed","template":"","meta":{"footnotes":""},"class_list":["post-406","page","type-page","status-publish","has-post-thumbnail","hentry"],"_links":{"self":[{"href":"https:\/\/docentlikbasvurulari.com\/index.php\/wp-json\/wp\/v2\/pages\/406","targetHints":{"allow":["GET"]}}],"collection":[{"href":"https:\/\/docentlikbasvurulari.com\/index.php\/wp-json\/wp\/v2\/pages"}],"about":[{"href":"https:\/\/docentlikbasvurulari.com\/index.php\/wp-json\/wp\/v2\/types\/page"}],"author":[{"embeddable":true,"href":"https:\/\/docentlikbasvurulari.com\/index.php\/wp-json\/wp\/v2\/users\/1"}],"replies":[{"embeddable":true,"href":"https:\/\/docentlikbasvurulari.com\/index.php\/wp-json\/wp\/v2\/comments?post=406"}],"version-history":[{"count":1,"href":"https:\/\/docentlikbasvurulari.com\/index.php\/wp-json\/wp\/v2\/pages\/406\/revisions"}],"predecessor-version":[{"id":408,"href":"https:\/\/docentlikbasvurulari.com\/index.php\/wp-json\/wp\/v2\/pages\/406\/revisions\/408"}],"wp:featuredmedia":[{"embeddable":true,"href":"https:\/\/docentlikbasvurulari.com\/index.php\/wp-json\/wp\/v2\/media\/410"}],"wp:attachment":[{"href":"https:\/\/docentlikbasvurulari.com\/index.php\/wp-json\/wp\/v2\/media?parent=406"}],"curies":[{"name":"wp","href":"https:\/\/api.w.org\/{rel}","templated":true}]}}