{"id":27,"date":"2019-07-11T15:32:55","date_gmt":"2019-07-11T12:32:55","guid":{"rendered":"http:\/\/docentlikbasvurulari.com\/?page_id=27"},"modified":"2024-12-13T21:11:37","modified_gmt":"2024-12-13T18:11:37","slug":"docentlik-basvurusu","status":"publish","type":"page","link":"https:\/\/docentlikbasvurulari.com\/index.php\/docentlik-basvurusu\/","title":{"rendered":"Do\u00e7entlik Ba\u015fvurusu"},"content":{"rendered":"\n<p style=\"text-align:justify\">2547 Say\u0131l\u0131 Y\u00fcksek\u00f6\u011fretim Kanunu, Do\u00e7entlik y\u00f6netmelik ve y\u00f6nergeleri h\u00fck\u00fcmleri uyar\u0131nca gere\u011fince do\u00e7ent adaylar\u0131n\u0131n yay\u0131n ve ara\u015ft\u0131rmalar\u0131n\u0131n de\u011ferlendirilmesi ve do\u00e7entlik s\u00fcreci ile ilgili esaslar\u0131 tespit etmek ve j\u00fcrileri se\u00e7mek g\u00f6revi \u00dcniversiteleraras\u0131 Kurul Ba\u015fkanl\u0131\u011f\u0131na verilmi\u015ftir.<\/p>\n\n\n\n<p style=\"text-align:justify\">Do\u00e7entlik ba\u015fvurular\u0131, eserlerle birlikte elektronik ortamda \u00dcniversiteleraras\u0131 Kurula yap\u0131l\u0131r. \u00dcniversiteleraras\u0131 Kurul ba\u015fka bir tarih belirlemedik\u00e7e do\u00e7entlik ba\u015fvurusu Mart ve Ekim aylar\u0131 olmak \u00fczere y\u0131lda iki defa yap\u0131lmaktad\u0131r. Bu ba\u015fvurular Do\u00e7entlik Ba\u015fvuru Sistemi (DBS) \u00fczerinden yap\u0131lmakta olup aksi kararla\u015ft\u0131r\u0131lmad\u0131k\u00e7a ba\u015fvuruya esas ay\u0131n 15\u2019 i ile ilgili ay\u0131n sonuna kadar devam etmektedir.<\/p>\n\n\n\n<p style=\"text-align:justify\">Zorlu ve stresli olan do\u00e7entlik s\u00fcrecini alan\u0131nda uzman, hukuk\u00e7u, ingilizce bilen ve mevzuata hakim ekibimizle ba\u015ftan sona takip ediyoruz.Eserlerin mevzuata uygun \u015fekilde y\u00fcklenmesinden eser inceleme a\u015famas\u0131na, yaz\u0131l\u0131 ba\u015fvurudan j\u00fcri raporlar\u0131n\u0131n neticelerine ula\u015f\u0131lmas\u0131na, mevzuat ve sistem de\u011fi\u015fikli\u011finin takibinden \u00e7\u0131kabilecek olumsuz sonu\u00e7lara \u00e7\u00f6z\u00fcm \u00fcretilmesine kadar s\u00fcreci y\u00f6netiyoruz. Bu s\u00fcre\u00e7te yay\u0131nlar\u0131n \u00fcretilmesi, taranmas\u0131, puanlar\u0131n hesaplanmas\u0131 ve do\u00e7ent aday\u0131 kar\u015f\u0131s\u0131nda \u00dcniversiteleraras\u0131 Kurulun g\u00f6rev ve yetkilerinin ne oldu\u011funu biliyoruz. Do\u00e7entlik ba\u015fvurusunun nas\u0131l yap\u0131laca\u011f\u0131, temel alanlara g\u00f6re kriterlerin neler oldu\u011fu, eser inceleme a\u015famas\u0131n\u0131n nas\u0131l yap\u0131ld\u0131\u011f\u0131, asgari ko\u015fullar\u0131n sa\u011flanamamas\u0131 veya etik ihlal iddialar\u0131 vb. olumsuz sonu\u00e7larda ortaya \u00e7\u0131kabilecek durumlar\u0131n y\u00f6netilmesi gibi konularda sitemizden ayr\u0131nt\u0131l\u0131 bilgilere ula\u015fabilirsiniz. <\/p>\n\n\n\n<p style=\"text-align:justify\">Do\u00e7ent adaylar\u0131n\u0131n a\u015fa\u011f\u0131da s\u0131ralanan 5 a\u015famada yeterli bilgiye sahip olmalar\u0131 ve dikkatli davranmalar\u0131 \u00f6nem arz etmektedir.<\/p>\n\n\n\n<p><strong>1- <\/strong>   <strong>Mevzuat Bilgisi<\/strong><\/p>\n\n\n\n<p style=\"text-align:justify\">Do\u00e7ent adaylar\u0131n\u0131n haklar\u0131n\u0131n zayi olmamas\u0131 i\u00e7in ba\u015fvurunun hangi mevzuata istinaden yap\u0131ld\u0131\u011f\u0131, \u00dcAK\u2019\u0131n yetkilerinin nas\u0131l d\u00fczenlendi\u011fi, s\u00fcre\u00e7 i\u00e7erisinde ortaya \u00e7\u0131kabilecek farkl\u0131 durumlardaki hak taleplerinin hangi s\u00fcrede, hangi usulde ve hangi esaslar \u00e7er\u00e7evesinde yap\u0131laca\u011f\u0131 bilinmelidir.<\/p>\n\n\n\n<p><strong>2-  <\/strong> <strong>\u00dcak\u2019\u0131n \u0130\u015fleyi\u015fi<\/strong><\/p>\n\n\n\n<p style=\"text-align:justify\">\u0130nternet ortam\u0131nda eser y\u00fckleme ve yaz\u0131l\u0131 ba\u015fvuru sonras\u0131nda \u00dcAK\u2019\u0131n ba\u015fvuru konusunda hangi a\u015famalar\u0131 takip etti\u011fi, hangi makamlar\u0131n bu s\u00fcre\u00e7te nas\u0131l g\u00f6rev ald\u0131\u011f\u0131, hangi komisyonlar\u0131n yetkilerinin ne oldu\u011fu hususunda yeterli bilgiye sahip olmak s\u00fcrecin sa\u011fl\u0131kl\u0131 takibi ve sonu\u00e7land\u0131r\u0131lmas\u0131 a\u00e7\u0131s\u0131ndan hayati \u00f6neme sahiptir.<\/p>\n\n\n\n<p><strong>3- <\/strong>   <strong>Do\u00e7entlik Bilgi Sistemi<\/strong><\/p>\n\n\n\n<p style=\"text-align:justify\">Sistemdeki a\u015famalar\u0131n ne anlama geldi\u011fi, y\u00fcklemelerle ilgili dikkat edilecek durumlar, bir di\u011fer a\u015famaya ge\u00e7erken eksiklerin olup olmad\u0131\u011f\u0131n\u0131n kontrol\u00fc do\u011fru ve eksiksiz bir ba\u015fvurunun olmazsa olmaz\u0131d\u0131r.<\/p>\n\n\n\n<p><strong>4-   <\/strong> <strong>Ba\u015fvuru Sonras\u0131 S\u00fcre\u00e7<\/strong><\/p>\n\n\n\n<p style=\"text-align:justify\">Tam, do\u011fru ve eksiksiz bir ba\u015fvuru sonras\u0131 temel alanla ilgili asgari ko\u015fullar\u0131n neler oldu\u011fu sa\u011flan\u0131p sa\u011flanmad\u0131\u011f\u0131, j\u00fcrilerin s\u00fcrece dahil olmas\u0131 ve raporlar\u0131n\u0131n mahiyetleri, ba\u015fvuru evraklar\u0131 ve j\u00fcri raporlar\u0131 sonras\u0131 \u00dcAK\u2019ta toplanan komisyonca ba\u015fvurunun sonu\u00e7land\u0131r\u0131lmas\u0131 evreleri hakk\u0131nda yeterli bilgiye sahip olunmal\u0131d\u0131r.<\/p>\n\n\n\n<p><strong>5-  <\/strong>  <strong>Olumsuz Sonu\u00e7lar Ortaya \u00c7\u0131kt\u0131\u011f\u0131nda Yap\u0131lmas\u0131 Gerekenler<\/strong><\/p>\n\n\n\n<p style=\"text-align:justify\">\u00dcmit edilen b\u00fct\u00fcn ba\u015fvurular\u0131n kabul edilip do\u00e7ent aday\u0131 lehine sonu\u00e7lanmas\u0131 olsa da olumsuz sonu\u00e7lar ortaya \u00e7\u0131kt\u0131\u011f\u0131nda yap\u0131lmas\u0131 gerekenlerde \u00f6nem arz etmektedir. Asgari ko\u015fullar\u0131n sa\u011flanmamas\u0131, eserlerin yetersiz olmas\u0131, eserlerin temel alana uymamas\u0131, dergilerin tarand\u0131\u011f\u0131 indekslerin ko\u015fullara uymamas\u0131, ya\u011fmac\u0131 dergi sorunlar\u0131, daha \u00f6nceden var olan etik sorunlar\u0131n bildirilmemesi gibi onlarca durumda ba\u015fvurular konusunda g\u00f6re reddedilmektedir. Ret sonras\u0131 savunma, itiraz ve dava gibi prosed\u00fcrler di\u011fer konulara g\u00f6re spesifiktir. A\u00e7\u0131klanan konularda yetkin olmayan ki\u015filerce takip edilen s\u00fcre\u00e7ler o zaman kadar yap\u0131lan birikimleri riske sokaca\u011f\u0131ndan \u00f6zenle takibi gerekmektedir.<\/p>\n","protected":false},"excerpt":{"rendered":"<p>2547 Say\u0131l\u0131 Y\u00fcksek\u00f6\u011fretim Kanunu, Do\u00e7entlik y\u00f6netmelik ve y\u00f6nergeleri h\u00fck\u00fcmleri uyar\u0131nca gere\u011fince do\u00e7ent adaylar\u0131n\u0131n yay\u0131n ve ara\u015ft\u0131rmalar\u0131n\u0131n de\u011ferlendirilmesi ve do\u00e7entlik s\u00fcreci ile ilgili esaslar\u0131 tespit etmek ve j\u00fcrileri se\u00e7mek g\u00f6revi \u00dcniversiteleraras\u0131 Kurul Ba\u015fkanl\u0131\u011f\u0131na verilmi\u015ftir. Do\u00e7entlik ba\u015fvurular\u0131, eserlerle birlikte elektronik ortamda \u00dcniversiteleraras\u0131 Kurula yap\u0131l\u0131r. \u00dcniversiteleraras\u0131 Kurul ba\u015fka bir tarih belirlemedik\u00e7e do\u00e7entlik ba\u015fvurusu Mart ve Ekim aylar\u0131 olmak<\/p>\n<a class=\"btn_a\" href=\"https:\/\/docentlikbasvurulari.com\/index.php\/docentlik-basvurusu\/\"><span><i class=\"in_left fa fa-angle-right\"><\/i><span>Details<\/span><i class=\"in_right fa fa-angle-right\"><\/i><\/span><\/a>","protected":false},"author":1,"featured_media":622,"parent":0,"menu_order":0,"comment_status":"closed","ping_status":"closed","template":"","meta":{"footnotes":""},"class_list":["post-27","page","type-page","status-publish","has-post-thumbnail","hentry"],"_links":{"self":[{"href":"https:\/\/docentlikbasvurulari.com\/index.php\/wp-json\/wp\/v2\/pages\/27","targetHints":{"allow":["GET"]}}],"collection":[{"href":"https:\/\/docentlikbasvurulari.com\/index.php\/wp-json\/wp\/v2\/pages"}],"about":[{"href":"https:\/\/docentlikbasvurulari.com\/index.php\/wp-json\/wp\/v2\/types\/page"}],"author":[{"embeddable":true,"href":"https:\/\/docentlikbasvurulari.com\/index.php\/wp-json\/wp\/v2\/users\/1"}],"replies":[{"embeddable":true,"href":"https:\/\/docentlikbasvurulari.com\/index.php\/wp-json\/wp\/v2\/comments?post=27"}],"version-history":[{"count":6,"href":"https:\/\/docentlikbasvurulari.com\/index.php\/wp-json\/wp\/v2\/pages\/27\/revisions"}],"predecessor-version":[{"id":427,"href":"https:\/\/docentlikbasvurulari.com\/index.php\/wp-json\/wp\/v2\/pages\/27\/revisions\/427"}],"wp:featuredmedia":[{"embeddable":true,"href":"https:\/\/docentlikbasvurulari.com\/index.php\/wp-json\/wp\/v2\/media\/622"}],"wp:attachment":[{"href":"https:\/\/docentlikbasvurulari.com\/index.php\/wp-json\/wp\/v2\/media?parent=27"}],"curies":[{"name":"wp","href":"https:\/\/api.w.org\/{rel}","templated":true}]}}